{"id":111,"date":"2023-04-06T15:01:32","date_gmt":"2023-04-06T12:01:32","guid":{"rendered":"https:\/\/safetrucks.fmi.fi\/?page_id=111"},"modified":"2026-02-26T08:38:51","modified_gmt":"2026-02-26T06:38:51","slug":"news-events","status":"publish","type":"page","link":"https:\/\/safetrucks.fmi.fi\/index.php\/news-events\/","title":{"rendered":"News &#038; Events"},"content":{"rendered":"\n<div class=\"wp-block-columns is-layout-flex wp-container-core-columns-is-layout-28f84493 wp-block-columns-is-layout-flex\">\n<div class=\"wp-block-column is-layout-flow wp-block-column-is-layout-flow\" style=\"flex-basis:33.33%\">\n<p>25.2.2026<\/p>\n<\/div>\n\n\n\n<div class=\"wp-block-column is-layout-flow wp-block-column-is-layout-flow\" style=\"flex-basis:66.66%\">\n<p>Braking distances of heavy-duty vehicles tested in winter conditions in Pudasj\u00e4rvi, Northern Finland &#8211; measurements and weather services enhance winter traffic safety.<\/p>\n\n\n\n<p><a href=\"https:\/\/en.ilmatieteenlaitos.fi\/news\/ET09ZsQwQ83gPFOAdcwOI\">https:\/\/en.ilmatieteenlaitos.fi\/news\/ET09ZsQwQ83gPFOAdcwOI<\/a><\/p>\n<\/div>\n<\/div>\n\n\n\n<hr class=\"wp-block-separator has-alpha-channel-opacity is-style-wide\"\/>\n\n\n\n<div class=\"wp-block-columns is-layout-flex wp-container-core-columns-is-layout-28f84493 wp-block-columns-is-layout-flex\">\n<div class=\"wp-block-column is-layout-flow wp-block-column-is-layout-flow\" style=\"flex-basis:33.33%\">\n<p>19.2.2026<\/p>\n<\/div>\n\n\n\n<div class=\"wp-block-column is-layout-flow wp-block-column-is-layout-flow\" style=\"flex-basis:66.66%\">\n<p>Jarrut j\u00e4isess\u00e4 testiss\u00e4: N\u00e4in eri ajoneuvot p\u00e4rj\u00e4siv\u00e4t.<\/p>\n\n\n\n<p><a href=\"https:\/\/www.mtvuutiset.fi\/artikkeli\/jarrut-jaisessa-testissa-nain-eri-ajoneuvot-parjasivat\/9299114\">https:\/\/www.mtvuutiset.fi\/artikkeli\/jarrut-jaisessa-testissa-nain-eri-ajoneuvot-parjasivat\/9299114<\/a><\/p>\n\n\n\n<p> <\/p>\n<\/div>\n<\/div>\n\n\n\n<hr class=\"wp-block-separator has-alpha-channel-opacity is-style-wide\"\/>\n\n\n\n<div class=\"wp-block-columns is-layout-flex wp-container-core-columns-is-layout-28f84493 wp-block-columns-is-layout-flex\">\n<div class=\"wp-block-column is-layout-flow wp-block-column-is-layout-flow\" style=\"flex-basis:33.33%\">\n<p>17.2.2026<\/p>\n<\/div>\n\n\n\n<div class=\"wp-block-column is-layout-flow wp-block-column-is-layout-flow\" style=\"flex-basis:66.66%\">\n<p>Yle: &#8220;Painava rekka saattaa tarvita satoja metrej\u00e4 jarrutusmatkaa talvella &#8211; tutkija: &#8216;Ei koskaan lakkaa h\u00e4mm\u00e4stytt\u00e4m\u00e4st\u00e4'&#8221;. <\/p>\n\n\n\n<p> <a href=\"https:\/\/yle.fi\/a\/74-20209732\">https:\/\/yle.fi\/a\/74-20209732<\/a><\/p>\n<\/div>\n<\/div>\n\n\n\n<hr class=\"wp-block-separator has-alpha-channel-opacity is-style-wide\"\/>\n\n\n\n<div class=\"wp-block-columns is-layout-flex wp-container-core-columns-is-layout-28f84493 wp-block-columns-is-layout-flex\">\n<div class=\"wp-block-column is-layout-flow wp-block-column-is-layout-flow\" style=\"flex-basis:33.33%\">\n<p>12.2.2026<\/p>\n<\/div>\n\n\n\n<div class=\"wp-block-column is-layout-flow wp-block-column-is-layout-flow\" style=\"flex-basis:66.66%\">\n<p>Yle News Northern Finland<\/p>\n\n\n\n<p><a href=\"https:\/\/areena.yle.fi\/1-76107226?seek=88\">https:\/\/areena.yle.fi\/1-76107226?seek=88<\/a><\/p>\n<\/div>\n<\/div>\n\n\n\n<hr class=\"wp-block-separator has-alpha-channel-opacity is-style-wide\"\/>\n\n\n\n<div class=\"wp-block-columns is-layout-flex wp-container-core-columns-is-layout-28f84493 wp-block-columns-is-layout-flex\">\n<div class=\"wp-block-column is-layout-flow wp-block-column-is-layout-flow\" style=\"flex-basis:33.33%\">\n<p>11.2.2026<\/p>\n<\/div>\n\n\n\n<div class=\"wp-block-column is-layout-flow wp-block-column-is-layout-flow\" style=\"flex-basis:66.66%\">\n<p>Braking Distance Tests in Pudasjarvi 2026<\/p>\n<\/div>\n<\/div>\n\n\n\n<hr class=\"wp-block-separator has-alpha-channel-opacity is-style-wide\"\/>\n\n\n\n<div class=\"wp-block-columns is-layout-flex wp-container-core-columns-is-layout-28f84493 wp-block-columns-is-layout-flex\">\n<div class=\"wp-block-column is-layout-flow wp-block-column-is-layout-flow\" style=\"flex-basis:33.33%\">\n<p>4.12.2025<\/p>\n<\/div>\n\n\n\n<div class=\"wp-block-column is-layout-flow wp-block-column-is-layout-flow\" style=\"flex-basis:66.66%\">\n<div class=\"wp-block-group is-vertical is-layout-flex wp-container-core-group-is-layout-fe9cc265 wp-block-group-is-layout-flex\">\n<p>OPAL-RT Cosimulation RTLAB, Vortex and 4DV<\/p>\n<\/div>\n\n\n\n<figure class=\"wp-block-video\"><video height=\"720\" style=\"aspect-ratio: 1280 \/ 720;\" width=\"1280\" controls src=\"https:\/\/safetrucks.fmi.fi\/wp-content\/uploads\/2025\/12\/Cosimulation_RTLAB_Vortex_4DV_20251125_reduced.mp4\"><\/video><\/figure>\n<\/div>\n<\/div>\n\n\n\n<div class=\"wp-block-columns is-layout-flex wp-container-core-columns-is-layout-28f84493 wp-block-columns-is-layout-flex\">\n<div class=\"wp-block-column is-layout-flow wp-block-column-is-layout-flow\" style=\"flex-basis:33.33%\">\n<p>26.2.2025<\/p>\n<\/div>\n\n\n\n<div class=\"wp-block-column is-layout-flow wp-block-column-is-layout-flow\"><\/div>\n\n\n\n<div class=\"wp-block-column is-layout-flow wp-block-column-is-layout-flow\" style=\"flex-basis:66.66%\">\n<figure class=\"wp-block-video\"><video height=\"720\" style=\"aspect-ratio: 1280 \/ 720;\" width=\"1280\" controls src=\"https:\/\/safetrucks.fmi.fi\/wp-content\/uploads\/2025\/02\/SafeTrucksAppDemo720.mp4\"><\/video><\/figure>\n<\/div>\n<\/div>\n\n\n\n<hr class=\"wp-block-separator has-alpha-channel-opacity is-style-wide\"\/>\n\n\n\n<div class=\"wp-block-columns is-layout-flex wp-container-core-columns-is-layout-28f84493 wp-block-columns-is-layout-flex\">\n<div class=\"wp-block-column is-layout-flow wp-block-column-is-layout-flow\" style=\"flex-basis:33.33%\">\n<p>5.2.2025<\/p>\n<\/div>\n\n\n\n<div class=\"wp-block-column is-layout-flow wp-block-column-is-layout-flow\" style=\"flex-basis:66.66%\">\n<p>Heavy vehicles braking distance measurements on icy road conducted in city of Pudasj\u00e4rvi, in co-operation between Nokian Heavy Tyres, University of Oulu, and Finnish Meteorological Institute. Event supported by Lappia Vocational College and VR Transpoint (recently known as Kuljettava Oy).<\/p>\n\n\n\n<details class=\"wp-block-details is-layout-flow wp-block-details-is-layout-flow\"><summary>Images from event (Open by clicking the arrow)<\/summary>\n<div class=\"wp-block-group has-global-padding is-layout-constrained wp-block-group-is-layout-constrained\">\n<div class=\"wp-block-columns is-layout-flex wp-container-core-columns-is-layout-28f84493 wp-block-columns-is-layout-flex\">\n<div class=\"wp-block-column is-layout-flow wp-block-column-is-layout-flow\" style=\"flex-basis:100%\">\n<div class=\"wp-block-group has-global-padding is-layout-constrained wp-block-group-is-layout-constrained\">\n<figure class=\"wp-block-image size-large\"><img loading=\"lazy\" decoding=\"async\" width=\"1024\" height=\"768\" src=\"https:\/\/safetrucks.fmi.fi\/wp-content\/uploads\/2025\/02\/20250205_122055-1024x768.jpg\" alt=\"\" class=\"wp-image-269\" srcset=\"https:\/\/safetrucks.fmi.fi\/wp-content\/uploads\/2025\/02\/20250205_122055-1024x768.jpg 1024w, https:\/\/safetrucks.fmi.fi\/wp-content\/uploads\/2025\/02\/20250205_122055-300x225.jpg 300w, https:\/\/safetrucks.fmi.fi\/wp-content\/uploads\/2025\/02\/20250205_122055-768x576.jpg 768w, https:\/\/safetrucks.fmi.fi\/wp-content\/uploads\/2025\/02\/20250205_122055-1536x1152.jpg 1536w, https:\/\/safetrucks.fmi.fi\/wp-content\/uploads\/2025\/02\/20250205_122055-2048x1536.jpg 2048w\" sizes=\"auto, (max-width: 1024px) 100vw, 1024px\" \/><\/figure>\n\n\n\n<figure class=\"wp-block-image size-large\"><img loading=\"lazy\" decoding=\"async\" width=\"1024\" height=\"768\" src=\"https:\/\/safetrucks.fmi.fi\/wp-content\/uploads\/2025\/02\/20250205_150707-1024x768.jpg\" alt=\"\" class=\"wp-image-270\" srcset=\"https:\/\/safetrucks.fmi.fi\/wp-content\/uploads\/2025\/02\/20250205_150707-1024x768.jpg 1024w, https:\/\/safetrucks.fmi.fi\/wp-content\/uploads\/2025\/02\/20250205_150707-300x225.jpg 300w, https:\/\/safetrucks.fmi.fi\/wp-content\/uploads\/2025\/02\/20250205_150707-768x576.jpg 768w, https:\/\/safetrucks.fmi.fi\/wp-content\/uploads\/2025\/02\/20250205_150707-1536x1152.jpg 1536w, https:\/\/safetrucks.fmi.fi\/wp-content\/uploads\/2025\/02\/20250205_150707-2048x1536.jpg 2048w\" sizes=\"auto, (max-width: 1024px) 100vw, 1024px\" \/><\/figure>\n\n\n\n<figure class=\"wp-block-image size-large\"><img loading=\"lazy\" decoding=\"async\" width=\"1024\" height=\"577\" src=\"https:\/\/safetrucks.fmi.fi\/wp-content\/uploads\/2025\/02\/IMG-20250205-WA0007-1024x577.jpg\" alt=\"\" class=\"wp-image-271\" srcset=\"https:\/\/safetrucks.fmi.fi\/wp-content\/uploads\/2025\/02\/IMG-20250205-WA0007-1024x577.jpg 1024w, https:\/\/safetrucks.fmi.fi\/wp-content\/uploads\/2025\/02\/IMG-20250205-WA0007-300x169.jpg 300w, https:\/\/safetrucks.fmi.fi\/wp-content\/uploads\/2025\/02\/IMG-20250205-WA0007-768x432.jpg 768w, https:\/\/safetrucks.fmi.fi\/wp-content\/uploads\/2025\/02\/IMG-20250205-WA0007-1536x865.jpg 1536w, https:\/\/safetrucks.fmi.fi\/wp-content\/uploads\/2025\/02\/IMG-20250205-WA0007.jpg 2048w\" sizes=\"auto, (max-width: 1024px) 100vw, 1024px\" \/><\/figure>\n\n\n\n<figure class=\"wp-block-image size-large\"><img loading=\"lazy\" decoding=\"async\" width=\"1024\" height=\"576\" src=\"https:\/\/safetrucks.fmi.fi\/wp-content\/uploads\/2025\/02\/IMG-20250205-WA0016-1024x576.jpg\" alt=\"\" class=\"wp-image-272\" srcset=\"https:\/\/safetrucks.fmi.fi\/wp-content\/uploads\/2025\/02\/IMG-20250205-WA0016-1024x576.jpg 1024w, https:\/\/safetrucks.fmi.fi\/wp-content\/uploads\/2025\/02\/IMG-20250205-WA0016-300x169.jpg 300w, https:\/\/safetrucks.fmi.fi\/wp-content\/uploads\/2025\/02\/IMG-20250205-WA0016-768x432.jpg 768w, https:\/\/safetrucks.fmi.fi\/wp-content\/uploads\/2025\/02\/IMG-20250205-WA0016-1536x864.jpg 1536w, https:\/\/safetrucks.fmi.fi\/wp-content\/uploads\/2025\/02\/IMG-20250205-WA0016.jpg 2000w\" sizes=\"auto, (max-width: 1024px) 100vw, 1024px\" \/><\/figure>\n<\/div>\n<\/div>\n<\/div>\n<\/div>\n<\/details>\n<\/div>\n<\/div>\n\n\n\n<figure class=\"wp-block-video\"><video height=\"1080\" style=\"aspect-ratio: 1920 \/ 1080;\" width=\"1920\" controls src=\"https:\/\/safetrucks.fmi.fi\/wp-content\/uploads\/2025\/02\/2025_Pudasjarvi_braking_test_v3.mp4\"><\/video><\/figure>\n\n\n\n<div class=\"wp-block-columns is-layout-flex wp-container-core-columns-is-layout-28f84493 wp-block-columns-is-layout-flex\">\n<div class=\"wp-block-column is-layout-flow wp-block-column-is-layout-flow\">\n<figure class=\"wp-block-video\"><video height=\"478\" style=\"aspect-ratio: 848 \/ 478;\" width=\"848\" controls src=\"https:\/\/safetrucks.fmi.fi\/wp-content\/uploads\/2025\/02\/VID-20250205-WA0024-1.mp4\"><\/video><\/figure>\n<\/div>\n\n\n\n<div class=\"wp-block-column is-layout-flow wp-block-column-is-layout-flow\">\n<figure class=\"wp-block-video\"><video height=\"848\" style=\"aspect-ratio: 476 \/ 848;\" width=\"476\" controls src=\"https:\/\/safetrucks.fmi.fi\/wp-content\/uploads\/2025\/02\/VID-20250205-WA0027.mp4\"><\/video><\/figure>\n<\/div>\n\n\n\n<div class=\"wp-block-column is-layout-flow wp-block-column-is-layout-flow\">\n<figure class=\"wp-block-video\"><video height=\"848\" style=\"aspect-ratio: 476 \/ 848;\" width=\"476\" controls src=\"https:\/\/safetrucks.fmi.fi\/wp-content\/uploads\/2025\/02\/VID-20250205-WA0037.mp4\"><\/video><\/figure>\n<\/div>\n<\/div>\n\n\n\n<hr class=\"wp-block-separator has-alpha-channel-opacity is-style-wide\"\/>\n\n\n\n<div class=\"wp-block-columns is-layout-flex wp-container-core-columns-is-layout-28f84493 wp-block-columns-is-layout-flex\">\n<div class=\"wp-block-column is-layout-flow wp-block-column-is-layout-flow\" style=\"flex-basis:33.33%\">\n<p>4.12.2024<\/p>\n<\/div>\n\n\n\n<div class=\"wp-block-column is-layout-flow wp-block-column-is-layout-flow\" style=\"flex-basis:66.66%\">\n<p>Updated instrumentation status in Sodankyl\u00e4 Sod5G test track<\/p>\n\n\n\n<figure data-wp-context=\"{&quot;imageId&quot;:&quot;6a03116d4f393&quot;}\" data-wp-interactive=\"core\/image\" data-wp-key=\"6a03116d4f393\" class=\"wp-block-image size-large wp-lightbox-container\"><img loading=\"lazy\" decoding=\"async\" width=\"1024\" height=\"271\" data-wp-class--hide=\"state.isContentHidden\" data-wp-class--show=\"state.isContentVisible\" data-wp-init=\"callbacks.setButtonStyles\" data-wp-on--click=\"actions.showLightbox\" data-wp-on--load=\"callbacks.setButtonStyles\" data-wp-on-window--resize=\"callbacks.setButtonStyles\" src=\"https:\/\/safetrucks.fmi.fi\/wp-content\/uploads\/2024\/12\/testtrack2024_forecastpoints-1024x271.png\" alt=\"\" class=\"wp-image-260\" srcset=\"https:\/\/safetrucks.fmi.fi\/wp-content\/uploads\/2024\/12\/testtrack2024_forecastpoints-1024x271.png 1024w, https:\/\/safetrucks.fmi.fi\/wp-content\/uploads\/2024\/12\/testtrack2024_forecastpoints-300x79.png 300w, https:\/\/safetrucks.fmi.fi\/wp-content\/uploads\/2024\/12\/testtrack2024_forecastpoints-768x203.png 768w, https:\/\/safetrucks.fmi.fi\/wp-content\/uploads\/2024\/12\/testtrack2024_forecastpoints-1536x407.png 1536w, https:\/\/safetrucks.fmi.fi\/wp-content\/uploads\/2024\/12\/testtrack2024_forecastpoints-2048x543.png 2048w\" sizes=\"auto, (max-width: 1024px) 100vw, 1024px\" \/><button\n\t\t\tclass=\"lightbox-trigger\"\n\t\t\ttype=\"button\"\n\t\t\taria-haspopup=\"dialog\"\n\t\t\taria-label=\"Enlarge\"\n\t\t\tdata-wp-init=\"callbacks.initTriggerButton\"\n\t\t\tdata-wp-on--click=\"actions.showLightbox\"\n\t\t\tdata-wp-style--right=\"state.imageButtonRight\"\n\t\t\tdata-wp-style--top=\"state.imageButtonTop\"\n\t\t>\n\t\t\t<svg xmlns=\"http:\/\/www.w3.org\/2000\/svg\" width=\"12\" height=\"12\" fill=\"none\" viewBox=\"0 0 12 12\">\n\t\t\t\t<path fill=\"#fff\" d=\"M2 0a2 2 0 0 0-2 2v2h1.5V2a.5.5 0 0 1 .5-.5h2V0H2Zm2 10.5H2a.5.5 0 0 1-.5-.5V8H0v2a2 2 0 0 0 2 2h2v-1.5ZM8 12v-1.5h2a.5.5 0 0 0 .5-.5V8H12v2a2 2 0 0 1-2 2H8Zm2-12a2 2 0 0 1 2 2v2h-1.5V2a.5.5 0 0 0-.5-.5H8V0h2Z\" \/>\n\t\t\t<\/svg>\n\t\t<\/button><\/figure>\n<\/div>\n<\/div>\n\n\n\n<hr class=\"wp-block-separator has-alpha-channel-opacity is-style-wide\"\/>\n\n\n\n<div class=\"wp-block-columns is-layout-flex wp-container-core-columns-is-layout-28f84493 wp-block-columns-is-layout-flex\">\n<div class=\"wp-block-column is-layout-flow wp-block-column-is-layout-flow\" style=\"flex-basis:33.33%\">\n<p>23.-24.10.2024<\/p>\n<\/div>\n\n\n\n<div class=\"wp-block-column is-layout-flow wp-block-column-is-layout-flow\" style=\"flex-basis:66.66%\">\n<div class=\"wp-block-columns is-layout-flex wp-container-core-columns-is-layout-28f84493 wp-block-columns-is-layout-flex\">\n<div class=\"wp-block-column is-layout-flow wp-block-column-is-layout-flow\" style=\"flex-basis:66.66%\">\n<p>Project general meeting and 1st year review arranged in FMI headquarters in Helsinki<\/p>\n<\/div>\n\n\n\n<div class=\"wp-block-column is-layout-flow wp-block-column-is-layout-flow\" style=\"flex-basis:33.33%\">\n<figure data-wp-context=\"{&quot;imageId&quot;:&quot;6a03116d4fda9&quot;}\" data-wp-interactive=\"core\/image\" data-wp-key=\"6a03116d4fda9\" class=\"wp-block-image size-large wp-lightbox-container\"><img loading=\"lazy\" decoding=\"async\" width=\"1024\" height=\"576\" data-wp-class--hide=\"state.isContentHidden\" data-wp-class--show=\"state.isContentVisible\" data-wp-init=\"callbacks.setButtonStyles\" data-wp-on--click=\"actions.showLightbox\" data-wp-on--load=\"callbacks.setButtonStyles\" data-wp-on-window--resize=\"callbacks.setButtonStyles\" src=\"https:\/\/safetrucks.fmi.fi\/wp-content\/uploads\/2024\/10\/SafeTrucks_group_picture_large-1024x576.jpg\" alt=\"\" class=\"wp-image-254\" srcset=\"https:\/\/safetrucks.fmi.fi\/wp-content\/uploads\/2024\/10\/SafeTrucks_group_picture_large-1024x576.jpg 1024w, https:\/\/safetrucks.fmi.fi\/wp-content\/uploads\/2024\/10\/SafeTrucks_group_picture_large-300x169.jpg 300w, https:\/\/safetrucks.fmi.fi\/wp-content\/uploads\/2024\/10\/SafeTrucks_group_picture_large-768x432.jpg 768w, https:\/\/safetrucks.fmi.fi\/wp-content\/uploads\/2024\/10\/SafeTrucks_group_picture_large-1536x864.jpg 1536w, https:\/\/safetrucks.fmi.fi\/wp-content\/uploads\/2024\/10\/SafeTrucks_group_picture_large-2048x1153.jpg 2048w\" sizes=\"auto, (max-width: 1024px) 100vw, 1024px\" \/><button\n\t\t\tclass=\"lightbox-trigger\"\n\t\t\ttype=\"button\"\n\t\t\taria-haspopup=\"dialog\"\n\t\t\taria-label=\"Enlarge\"\n\t\t\tdata-wp-init=\"callbacks.initTriggerButton\"\n\t\t\tdata-wp-on--click=\"actions.showLightbox\"\n\t\t\tdata-wp-style--right=\"state.imageButtonRight\"\n\t\t\tdata-wp-style--top=\"state.imageButtonTop\"\n\t\t>\n\t\t\t<svg xmlns=\"http:\/\/www.w3.org\/2000\/svg\" width=\"12\" height=\"12\" fill=\"none\" viewBox=\"0 0 12 12\">\n\t\t\t\t<path fill=\"#fff\" d=\"M2 0a2 2 0 0 0-2 2v2h1.5V2a.5.5 0 0 1 .5-.5h2V0H2Zm2 10.5H2a.5.5 0 0 1-.5-.5V8H0v2a2 2 0 0 0 2 2h2v-1.5ZM8 12v-1.5h2a.5.5 0 0 0 .5-.5V8H12v2a2 2 0 0 1-2 2H8Zm2-12a2 2 0 0 1 2 2v2h-1.5V2a.5.5 0 0 0-.5-.5H8V0h2Z\" \/>\n\t\t\t<\/svg>\n\t\t<\/button><\/figure>\n<\/div>\n<\/div>\n<\/div>\n<\/div>\n\n\n\n<hr class=\"wp-block-separator has-alpha-channel-opacity is-style-wide\"\/>\n\n\n\n<div class=\"wp-block-columns is-layout-flex wp-container-core-columns-is-layout-28f84493 wp-block-columns-is-layout-flex\">\n<div class=\"wp-block-column is-layout-flow wp-block-column-is-layout-flow\" style=\"flex-basis:33.33%\">\n<p>11.-13.6.2024<\/p>\n<\/div>\n\n\n\n<div class=\"wp-block-column is-layout-flow wp-block-column-is-layout-flow\" style=\"flex-basis:66.66%\">\n<p>SIRWEC2024 Conference, Amsterdam, Netherlands.<\/p>\n\n\n\n<p><a href=\"http:\/\/www.sirwec.org\">www.sirwec.org<\/a><\/p>\n<\/div>\n<\/div>\n\n\n\n<hr class=\"wp-block-separator has-alpha-channel-opacity is-style-wide\"\/>\n\n\n\n<div class=\"wp-block-columns is-layout-flex wp-container-core-columns-is-layout-28f84493 wp-block-columns-is-layout-flex\">\n<div class=\"wp-block-column is-layout-flow wp-block-column-is-layout-flow\" style=\"flex-basis:33.33%\">\n<p>15.-18.4.2024<\/p>\n<\/div>\n\n\n\n<div class=\"wp-block-column is-layout-flow wp-block-column-is-layout-flow\" style=\"flex-basis:66.66%\">\n<p>TRA 2024 Conference, Dublin, Ireland<\/p>\n\n\n\n<p><a href=\"https:\/\/traconference.eu\">https:\/\/traconference.eu<\/a><\/p>\n<\/div>\n<\/div>\n\n\n\n<hr class=\"wp-block-separator has-alpha-channel-opacity is-style-wide\"\/>\n\n\n\n<div class=\"wp-block-columns is-layout-flex wp-container-core-columns-is-layout-28f84493 wp-block-columns-is-layout-flex\">\n<div class=\"wp-block-column is-layout-flow wp-block-column-is-layout-flow\" style=\"flex-basis:33.33%\">\n<p>4.-8.3.2024<\/p>\n<\/div>\n\n\n\n<div class=\"wp-block-column is-layout-flow wp-block-column-is-layout-flow\" style=\"flex-basis:66.66%\">\n<p>Tyre measurement campaign in Pudasj\u00e4rvi, by Nokian Heavy Tyres &amp; University of Oulu<\/p>\n<\/div>\n<\/div>\n\n\n\n<hr class=\"wp-block-separator has-alpha-channel-opacity is-style-wide\"\/>\n\n\n\n<div class=\"wp-block-columns is-layout-flex wp-container-core-columns-is-layout-28f84493 wp-block-columns-is-layout-flex\">\n<div class=\"wp-block-column is-layout-flow wp-block-column-is-layout-flow\" style=\"flex-basis:33.33%\">\n<p>5.-9.2.2024<\/p>\n<\/div>\n\n\n\n<div class=\"wp-block-column is-layout-flow wp-block-column-is-layout-flow\" style=\"flex-basis:66.66%\">\n<p>Tyre measurement campaign in Pudasj\u00e4rci, by Nokian Heavy Tyres, University of Oulu &amp; FMI<\/p>\n<\/div>\n<\/div>\n\n\n\n<hr class=\"wp-block-separator has-alpha-channel-opacity is-style-wide\"\/>\n\n\n\n<div class=\"wp-block-columns is-layout-flex wp-container-core-columns-is-layout-28f84493 wp-block-columns-is-layout-flex\">\n<div class=\"wp-block-column is-layout-flow wp-block-column-is-layout-flow\" style=\"flex-basis:33.33%\">\n<p>29.1.2024<\/p>\n<\/div>\n\n\n\n<div class=\"wp-block-column is-layout-flow wp-block-column-is-layout-flow\" style=\"flex-basis:66.66%\">\n<p>OPAL-RT approved for the Xecs project.<\/p>\n<\/div>\n<\/div>\n\n\n\n<hr class=\"wp-block-separator has-alpha-channel-opacity is-style-wide\"\/>\n\n\n\n<div class=\"wp-block-columns is-layout-flex wp-container-core-columns-is-layout-28f84493 wp-block-columns-is-layout-flex\">\n<div class=\"wp-block-column is-layout-flow wp-block-column-is-layout-flow\" style=\"flex-basis:33.33%\">\n<p>7.-8.11.2023<\/p>\n<\/div>\n\n\n\n<div class=\"wp-block-column is-layout-flow wp-block-column-is-layout-flow\" style=\"flex-basis:66.66%\">\n<p>Car 2 Car Forum. 17th Car 2 Car Forum in Volvohallen, Gothenburg, Sweden<\/p>\n<\/div>\n<\/div>\n\n\n\n<hr class=\"wp-block-separator has-alpha-channel-opacity is-style-wide\"\/>\n\n\n\n<div class=\"wp-block-columns is-layout-flex wp-container-core-columns-is-layout-28f84493 wp-block-columns-is-layout-flex\">\n<div class=\"wp-block-column is-layout-flow wp-block-column-is-layout-flow\" style=\"flex-basis:33.33%\">\n<p>22.-23.8.2023<\/p>\n<\/div>\n\n\n\n<div class=\"wp-block-column is-layout-flow wp-block-column-is-layout-flow\" style=\"flex-basis:66.66%\">\n<div class=\"wp-block-columns is-layout-flex wp-container-core-columns-is-layout-28f84493 wp-block-columns-is-layout-flex\">\n<div class=\"wp-block-column is-layout-flow wp-block-column-is-layout-flow\" style=\"flex-basis:66.66%\">\n<p>International project kick-off meeting takes place in Ottawa, in parallel with IAVSD 2023 symposium.<\/p>\n\n\n\n<p><a href=\"https:\/\/iavsd2023.ca\/\">https:\/\/iavsd2023.ca\/<\/a><\/p>\n<\/div>\n\n\n\n<div class=\"wp-block-column is-layout-flow wp-block-column-is-layout-flow\" style=\"flex-basis:33.33%\">\n<figure data-wp-context=\"{&quot;imageId&quot;:&quot;6a03116d52008&quot;}\" data-wp-interactive=\"core\/image\" data-wp-key=\"6a03116d52008\" class=\"wp-block-image size-large wp-lightbox-container\"><img loading=\"lazy\" decoding=\"async\" width=\"1024\" height=\"768\" data-wp-class--hide=\"state.isContentHidden\" data-wp-class--show=\"state.isContentVisible\" data-wp-init=\"callbacks.setButtonStyles\" data-wp-on--click=\"actions.showLightbox\" data-wp-on--load=\"callbacks.setButtonStyles\" data-wp-on-window--resize=\"callbacks.setButtonStyles\" src=\"https:\/\/safetrucks.fmi.fi\/wp-content\/uploads\/2024\/10\/kickoff_group_photo-2-1024x768.jpg\" alt=\"\" class=\"wp-image-253\" srcset=\"https:\/\/safetrucks.fmi.fi\/wp-content\/uploads\/2024\/10\/kickoff_group_photo-2-1024x768.jpg 1024w, https:\/\/safetrucks.fmi.fi\/wp-content\/uploads\/2024\/10\/kickoff_group_photo-2-300x225.jpg 300w, https:\/\/safetrucks.fmi.fi\/wp-content\/uploads\/2024\/10\/kickoff_group_photo-2-768x576.jpg 768w, https:\/\/safetrucks.fmi.fi\/wp-content\/uploads\/2024\/10\/kickoff_group_photo-2-1536x1152.jpg 1536w, https:\/\/safetrucks.fmi.fi\/wp-content\/uploads\/2024\/10\/kickoff_group_photo-2-2048x1536.jpg 2048w\" sizes=\"auto, (max-width: 1024px) 100vw, 1024px\" \/><button\n\t\t\tclass=\"lightbox-trigger\"\n\t\t\ttype=\"button\"\n\t\t\taria-haspopup=\"dialog\"\n\t\t\taria-label=\"Enlarge\"\n\t\t\tdata-wp-init=\"callbacks.initTriggerButton\"\n\t\t\tdata-wp-on--click=\"actions.showLightbox\"\n\t\t\tdata-wp-style--right=\"state.imageButtonRight\"\n\t\t\tdata-wp-style--top=\"state.imageButtonTop\"\n\t\t>\n\t\t\t<svg xmlns=\"http:\/\/www.w3.org\/2000\/svg\" width=\"12\" height=\"12\" fill=\"none\" viewBox=\"0 0 12 12\">\n\t\t\t\t<path fill=\"#fff\" d=\"M2 0a2 2 0 0 0-2 2v2h1.5V2a.5.5 0 0 1 .5-.5h2V0H2Zm2 10.5H2a.5.5 0 0 1-.5-.5V8H0v2a2 2 0 0 0 2 2h2v-1.5ZM8 12v-1.5h2a.5.5 0 0 0 .5-.5V8H12v2a2 2 0 0 1-2 2H8Zm2-12a2 2 0 0 1 2 2v2h-1.5V2a.5.5 0 0 0-.5-.5H8V0h2Z\" \/>\n\t\t\t<\/svg>\n\t\t<\/button><\/figure>\n<\/div>\n<\/div>\n<\/div>\n<\/div>\n\n\n\n<hr class=\"wp-block-separator has-alpha-channel-opacity is-style-wide\"\/>\n\n\n\n<p><\/p>\n","protected":false},"excerpt":{"rendered":"<p>25.2.2026 Braking distances of heavy-duty vehicles tested in winter conditions in Pudasj\u00e4rvi, Northern Finland &#8211; measurements and weather services enhance winter traffic safety. https:\/\/en.ilmatieteenlaitos.fi\/news\/ET09ZsQwQ83gPFOAdcwOI 19.2.2026 Jarrut j\u00e4isess\u00e4 testiss\u00e4: N\u00e4in eri ajoneuvot p\u00e4rj\u00e4siv\u00e4t. https:\/\/www.mtvuutiset.fi\/artikkeli\/jarrut-jaisessa-testissa-nain-eri-ajoneuvot-parjasivat\/9299114 17.2.2026 Yle: &#8220;Painava rekka saattaa tarvita satoja metrej\u00e4 jarrutusmatkaa talvella &#8211; tutkija: &#8216;Ei koskaan lakkaa h\u00e4mm\u00e4stytt\u00e4m\u00e4st\u00e4&#8217;&#8221;. https:\/\/yle.fi\/a\/74-20209732 12.2.2026 Yle News Northern Finland [&hellip;]<\/p>\n","protected":false},"author":3,"featured_media":0,"parent":0,"menu_order":0,"comment_status":"closed","ping_status":"closed","template":"","meta":{"footnotes":""},"class_list":["post-111","page","type-page","status-publish","hentry"],"_links":{"self":[{"href":"https:\/\/safetrucks.fmi.fi\/index.php\/wp-json\/wp\/v2\/pages\/111","targetHints":{"allow":["GET"]}}],"collection":[{"href":"https:\/\/safetrucks.fmi.fi\/index.php\/wp-json\/wp\/v2\/pages"}],"about":[{"href":"https:\/\/safetrucks.fmi.fi\/index.php\/wp-json\/wp\/v2\/types\/page"}],"author":[{"embeddable":true,"href":"https:\/\/safetrucks.fmi.fi\/index.php\/wp-json\/wp\/v2\/users\/3"}],"replies":[{"embeddable":true,"href":"https:\/\/safetrucks.fmi.fi\/index.php\/wp-json\/wp\/v2\/comments?post=111"}],"version-history":[{"count":19,"href":"https:\/\/safetrucks.fmi.fi\/index.php\/wp-json\/wp\/v2\/pages\/111\/revisions"}],"predecessor-version":[{"id":305,"href":"https:\/\/safetrucks.fmi.fi\/index.php\/wp-json\/wp\/v2\/pages\/111\/revisions\/305"}],"wp:attachment":[{"href":"https:\/\/safetrucks.fmi.fi\/index.php\/wp-json\/wp\/v2\/media?parent=111"}],"curies":[{"name":"wp","href":"https:\/\/api.w.org\/{rel}","templated":true}]}}