{"id":112,"date":"2023-04-06T15:01:48","date_gmt":"2023-04-06T12:01:48","guid":{"rendered":"https:\/\/safetrucks.fmi.fi\/?page_id=112"},"modified":"2025-06-17T15:37:32","modified_gmt":"2025-06-17T12:37:32","slug":"publications-dissemination","status":"publish","type":"page","link":"https:\/\/safetrucks.fmi.fi\/index.php\/publications-dissemination\/","title":{"rendered":"Publications &#038; Dissemination"},"content":{"rendered":"\n<p>Timo Sukuvaara, Ari Pikkarainen, Kari M\u00e4enp\u00e4\u00e4, Hannu Honkanen and Marjo Hippi, &#8220;Winter road weather and -safety services for heavy vehicles&#8221;, ITS Europe 2025 Conference in Seville 19.-21.5.2025.<\/p>\n\n\n\n<p>Timo Sukuvaara, Kari M\u00e4enp\u00e4\u00e4, Hannu Honkanen, Ari Pikkarainen, Marjo Hippi, Virve Karsisto. <a href=\"https:\/\/www.mdpi.com\/2624-8921\/6\/4\/100\">&#8220;Work-in-Progress Report: Intelligent Traffic Road Weather and Safety Services for Heavy Vehicles&#8221;. Vehicles 2024, 6(4), 2031-2043.<\/a><\/p>\n\n\n\n<p>Wei Huang, Mehdi Ahmadian, Advances in Dynamics of Vehicles on Roads and Tracks III. <a href=\"https:\/\/link.springer.com\/book\/10.1007\/978-3-031-66968-2\">Proceedings of the 28th Symposium of the International Association of Vehicle System Dynamics, IAVSD 2023, August 21-25, 2023, Ottawa, Canada &#8211; Volume 2: Road Vehicles<\/a>. Published 13.10.2024<\/p>\n\n\n\n<p>Robyn Fortune, Xavier Trudeau Morin, Ali zeighami, Eric Karpman, Luke Steiginga, Wei Huang, and Marek Techmann, &#8220;<a href=\"https:\/\/link.springer.com\/chapter\/10.1007\/978-3-031-66968-2_51\">Real-Time Interactive Simulation Framework for a Tandem Tractor-Trailer. In: Advances in Dynamics of Vehicles on Roads and Tracks III. IAVSD 2023.<\/a> First Online 13.10.2024<\/p>\n\n\n\n<p>Eric Karpman and Wei Huang, <a href=\"https:\/\/link.springer.com\/chapter\/10.1007\/978-3-031-66968-2_77\">Wheeled Vehicle Slip-Sinkage Prediction. In: Advances in Dynamics of Vehicles on Roads and Tracks III. IAVSD 2023.<\/a> First Online 13.10.2024<\/p>\n\n\n\n<p>Luke Steiginga and Whei Huang, <a href=\"https:\/\/link.springer.com\/chapter\/10.1007\/978-3-031-66968-2_71\">Analysis of the Dynamic Performance of a Special Purpose Trailer by Modeling and Simulation. In: Advances in Dynamics of Vehicles on Roads and Tracks III. IAVSD 2023. <\/a>First Online 13.10.2024<\/p>\n\n\n\n<p>Luke Steiginga and Wei Huang, <a href=\"https:\/\/link.springer.com\/chapter\/10.1007\/978-3-031-66968-2_70\">Model Development and Validation of Special Purpose Trucks for Analysis of Maximum Loads and Forces on Various Hard and Soft Terrains. In: Advances in Dynamics of Vehicles on Roads and Tracks III. IAVSD 2023.<\/a> First Online 13.10.2024<\/p>\n\n\n\n<p>Ahmed Zekry, Ahmed Mohamed, Naser El-sheimy, Aboelmagd Noureldin and Mohamed Elhabiby, <a href=\"https:\/\/link.springer.com\/chapter\/10.1007\/978-3-031-66968-2_94\">Enhancing HD-Map Updates Using Iterative Refinement Deep Q-Learning Approach. In: Advances in Dynamics of Vehicles on Roads and Tracks III. IAVSD 2023.<\/a> First Online 13.10.2024.<\/p>\n\n\n\n<p>Miro-Tommi Tuutij\u00e4rvi, Mattias Hjort, Sogol Kharrazi, Ville Pirnes &amp; Teppo Siltanen. <a href=\"https:\/\/link.springer.com\/chapter\/10.1007\/978-3-031-66968-2_24\">&#8220;Measuring Cornering Properties of Heavy Vehicle Tyres on Snow Using a Tyre Testing Trailer&#8221;.<\/a> The IAVSD International Symposium on Dynamics of Vehicles on Roads and Tracks. Oral presentation 23.8.2023<\/p>\n\n\n\n<p>Marjo Hippi, &#8220;SafeTrucks &#8211; Road Weather Services Tailored for Heavy Vehicles&#8221;, SIRWEC 2024 Conference, Amsterdam, Netherlands. <a href=\"https:\/\/sirwec.org\/amsterdam-netherlands-2024\/\">Link to Conference presentations.<\/a><\/p>\n\n\n\n<p>Timo Sukuvaara, Kari M\u00e4enp\u00e4\u00e4, Hannu Honkanen, Marjo Hippi &amp; Virve Karsisto. <a href=\"https:\/\/safetrucks.fmi.fi\/wp-content\/uploads\/2024\/05\/TRA2024poster.pdf\" data-type=\"attachment\" data-id=\"227\">&#8220;Road weather and safety services tailored individually to heavy vehices&#8221;, TRA Dublin 10th Conference 15.-18.4.2024.<\/a><\/p>\n\n\n\n<p>Timo Sukuvaara, oral presentation, &#8220;Weather forecast services for Intelligent traffirc&#8221;, VAMOS-ecosystem online seminar series VAMOS Flash, part 25, 21.12.2023<\/p>\n\n\n\n<figure class=\"wp-block-embed is-type-video is-provider-youtube wp-block-embed-youtube wp-embed-aspect-16-9 wp-has-aspect-ratio\"><div class=\"wp-block-embed__wrapper\">\nhttps:\/\/www.youtube.com\/playlist?list=PLXB4yycVemngsbmIradtIBun8SsUT6gYx\n<\/div><\/figure>\n\n\n\n<p>Timo Sukuvaara, oral presentation, &#8220;\u00c4lykk\u00e4\u00e4n liikenteen s\u00e4\u00e4palveluiden tutkimus Ilmatieteen laitoksella&#8221;, Urbaria institute of Helsinki University and Finnish Meteorological Institute co-hosted online seminar &#8220;Ilmastoneutraalit ja -kest\u00e4v\u00e4t kaupungit&#8221; 14.12.2023<\/p>\n\n\n\n<p>Timo Sukuvaara, &nbsp;\u201c5G Vehicle Winter Testing Track for Intelligent Traffic Road Weather Services\u201d, Lule\u00e5 University of Technology online webinar \u201cExploring future 5G\/6G opportunities\u201d 11.9.2023. <a href=\"https:\/\/www.ltu.se\/centres\/cdt\/Webinar-Exploring-future-5G-6G-opportunities-1.226396\">Link to the webinar&#8217;s webpage<\/a><\/p>\n\n\n\n<p>Timo Sukuvaara, Kari M\u00e4enp\u00e4\u00e4, Hannu Honkanen, Marjo Hippi and Virve Karsisto, <a href=\"https:\/\/safetrucks.fmi.fi\/wp-content\/uploads\/2023\/09\/IAVSD2023poster.pdf-Page-1-of-1-5.png\" data-type=\"attachment\" data-id=\"191\">\u201dAdvanced road safety by dynamics and road weather services tailored for individual heavy vehicles\u201d, IAVSD 2023, 21.-25.8.2023, Ottawa, Canada.<\/a><\/p>\n\n\n\n<p><\/p>\n","protected":false},"excerpt":{"rendered":"<p>Timo Sukuvaara, Ari Pikkarainen, Kari M\u00e4enp\u00e4\u00e4, Hannu Honkanen and Marjo Hippi, &#8220;Winter road weather and -safety services for heavy vehicles&#8221;, ITS Europe 2025 Conference in Seville 19.-21.5.2025. Timo Sukuvaara, Kari M\u00e4enp\u00e4\u00e4, Hannu Honkanen, Ari Pikkarainen, Marjo Hippi, Virve Karsisto. &#8220;Work-in-Progress Report: Intelligent Traffic Road Weather and Safety Services for Heavy Vehicles&#8221;. Vehicles 2024, 6(4), 2031-2043. [&hellip;]<\/p>\n","protected":false},"author":3,"featured_media":0,"parent":0,"menu_order":0,"comment_status":"closed","ping_status":"closed","template":"","meta":{"footnotes":"[]"},"class_list":["post-112","page","type-page","status-publish","hentry"],"_links":{"self":[{"href":"https:\/\/safetrucks.fmi.fi\/index.php\/wp-json\/wp\/v2\/pages\/112","targetHints":{"allow":["GET"]}}],"collection":[{"href":"https:\/\/safetrucks.fmi.fi\/index.php\/wp-json\/wp\/v2\/pages"}],"about":[{"href":"https:\/\/safetrucks.fmi.fi\/index.php\/wp-json\/wp\/v2\/types\/page"}],"author":[{"embeddable":true,"href":"https:\/\/safetrucks.fmi.fi\/index.php\/wp-json\/wp\/v2\/users\/3"}],"replies":[{"embeddable":true,"href":"https:\/\/safetrucks.fmi.fi\/index.php\/wp-json\/wp\/v2\/comments?post=112"}],"version-history":[{"count":14,"href":"https:\/\/safetrucks.fmi.fi\/index.php\/wp-json\/wp\/v2\/pages\/112\/revisions"}],"predecessor-version":[{"id":292,"href":"https:\/\/safetrucks.fmi.fi\/index.php\/wp-json\/wp\/v2\/pages\/112\/revisions\/292"}],"wp:attachment":[{"href":"https:\/\/safetrucks.fmi.fi\/index.php\/wp-json\/wp\/v2\/media?parent=112"}],"curies":[{"name":"wp","href":"https:\/\/api.w.org\/{rel}","templated":true}]}}